{"id":46536,"date":"2018-04-03T14:50:32","date_gmt":"2018-04-03T19:50:32","guid":{"rendered":"http:\/\/parrapublicidad.com\/?page_id=46536"},"modified":"2021-02-10T14:12:45","modified_gmt":"2021-02-10T19:12:45","slug":"quienes-somos","status":"publish","type":"page","link":"https:\/\/parrapublicidad.com\/index.php\/quienes-somos\/","title":{"rendered":"Con\u00f3cenos"},"content":{"rendered":"<p>[et_pb_section bb_built=\u00bb1&#8243; fullwidth=\u00bbon\u00bb specialty=\u00bboff\u00bb next_background_color=\u00bb#000000&#8243;][et_pb_fullwidth_slider _builder_version=\u00bb3.0.85&#8243; show_arrows=\u00bbon\u00bb show_pagination=\u00bbon\u00bb show_inner_shadow=\u00bbon\u00bb custom_button=\u00bboff\u00bb button_icon_placement=\u00bbright\u00bb show_content_on_mobile=\u00bbon\u00bb show_cta_on_mobile=\u00bbon\u00bb show_image_video_mobile=\u00bboff\u00bb box_shadow_horizontal=\u00bb0px\u00bb box_shadow_vertical=\u00bb0px\u00bb box_shadow_blur=\u00bb10px\u00bb box_shadow_spread=\u00bb0px\u00bb box_shadow_position=\u00bbinner\u00bb box_shadow_color=\u00bbrgba(0,0,0,0.1)\u00bb box_shadow_style=\u00bbpreset6&#8243;][et_pb_slide _builder_version=\u00bb3.0.85&#8243; heading=\u00bbGRANDES IDEAS, en la PUBLICIDAD\u00bb use_background_color_gradient=\u00bboff\u00bb background_color_gradient_start=\u00bb#2b87da\u00bb background_color_gradient_end=\u00bb#29c4a9&#8243; background_color_gradient_type=\u00bblinear\u00bb background_color_gradient_direction=\u00bb180deg\u00bb background_color_gradient_direction_radial=\u00bbcenter\u00bb background_color_gradient_start_position=\u00bb0%\u00bb background_color_gradient_end_position=\u00bb100%\u00bb background_image=\u00bbhttp:\/\/parrapublicidad.com\/wp-content\/uploads\/2017\/10\/business-08.jpg\u00bb parallax=\u00bbon\u00bb parallax_method=\u00bbon\u00bb background_size=\u00bbcover\u00bb background_position=\u00bbcenter\u00bb background_repeat=\u00bbno-repeat\u00bb background_blend=\u00bbnormal\u00bb allow_player_pause=\u00bboff\u00bb use_bg_overlay=\u00bboff\u00bb use_text_overlay=\u00bbon\u00bb text_border_radius=\u00bb3&#8243; alignment=\u00bbcenter\u00bb background_layout=\u00bbdark\u00bb text_shadow_style=\u00bbnone\u00bb text_shadow_color=\u00bbrgba(0,0,0,0.4)\u00bb header_level=\u00bbh1&#8243; header_font=\u00bb||||||||\u00bb header_text_shadow_style=\u00bbnone\u00bb header_text_shadow_color=\u00bbrgba(0,0,0,0.4)\u00bb body_font=\u00bb||||||||\u00bb body_text_shadow_style=\u00bbnone\u00bb body_text_shadow_color=\u00bbrgba(0,0,0,0.4)\u00bb custom_button=\u00bboff\u00bb button_bg_use_color_gradient=\u00bboff\u00bb button_bg_color_gradient_start=\u00bb#2b87da\u00bb button_bg_color_gradient_end=\u00bb#29c4a9&#8243; button_bg_color_gradient_type=\u00bblinear\u00bb button_bg_color_gradient_direction_radial=\u00bbcenter\u00bb button_bg_size=\u00bbcover\u00bb button_bg_position=\u00bbcenter\u00bb button_bg_repeat=\u00bbno-repeat\u00bb button_bg_blend=\u00bbnormal\u00bb button_font=\u00bb||||||||\u00bb button_use_icon=\u00bbon\u00bb button_icon_placement=\u00bbright\u00bb button_on_hover=\u00bbon\u00bb button_text_shadow_style=\u00bbnone\u00bb button_text_shadow_color=\u00bbrgba(0,0,0,0.4)\u00bb box_shadow_style_button=\u00bbnone\u00bb box_shadow_color_button=\u00bbrgba(0,0,0,0.3)\u00bb box_shadow_position_button=\u00bbouter\u00bb text_orientation=\u00bbcenter\u00bb]<strong>Parra Publicidad<\/strong> ha evolucionado en sus l\u00edneas de servicios para ofrecer soluciones creativas, una atenci\u00f3n eficiente y un producto final con la mejor calidad.<br \/>\nActualmente <strong>Parra Publicidad<\/strong> cubre las necesidades actuales de empresas privadas y p\u00fablicas, que buscan a trav\u00e9s de una gesti\u00f3n profesional y atenci\u00f3n personalizada cumplir con expectativas correspondientes a un mercado competitivo para la industria gr\u00e1fica.<\/p>\n<p><em>Le damos la bienvenida a nuestra comunidad de clientes<\/em><\/p>\n<p>[\/et_pb_slide][\/et_pb_fullwidth_slider][\/et_pb_section][et_pb_section bb_built=\u00bb1&#8243; _builder_version=\u00bb3.0.85&#8243; prev_background_color=\u00bb#000000&#8243; next_background_color=\u00bb#0c71c3&#8243;][et_pb_row _builder_version=\u00bb3.0.85&#8243;][et_pb_column type=\u00bb4_4&#8243;][et_pb_blurb _builder_version=\u00bb3.6&#8243; title=\u00bbNUESTRO EQUIPO\u00bb]<\/p>\n<p>Contamos con un equipo altamente capacitado y dedicado a buscar soluciones a sus necesidades. Lo resultados de nuestros trabajos hablan por s\u00ed solos, contamos con un equipo altamente capacitado y dedicado.<\/p>\n<p>[\/et_pb_blurb][\/et_pb_column][\/et_pb_row][\/et_pb_section][et_pb_section bb_built=\u00bb1&#8243; _builder_version=\u00bb3.0.85&#8243; background_color=\u00bb#0c71c3&#8243; prev_background_color=\u00bb#ffffff\u00bb next_background_color=\u00bb#ffffff\u00bb][et_pb_row][et_pb_column type=\u00bb1_2&#8243;][et_pb_blurb _builder_version=\u00bb3.0.85&#8243; title=\u00bbMISI\u00d3N \u00bb url_new_window=\u00bboff\u00bb use_icon=\u00bboff\u00bb use_circle=\u00bboff\u00bb use_circle_border=\u00bboff\u00bb icon_placement=\u00bbtop\u00bb use_icon_font_size=\u00bboff\u00bb background_layout=\u00bbdark\u00bb]<\/p>\n<p>Ser una empresa que tiene como prioridad la calidad y atenci\u00f3n que se ofrece al cliente ya que para mantener la fidelidad de nuestros clientes es importante proporcionarles la mejor terminaci\u00f3n en sus requerimientos por lo tanto satisfacemos sus expectativas y acompa\u00f1amos con nuestro profesionalismo cada uno de sus proyectos de impresi\u00f3n de sus artes publicitarios.<\/p>\n<p>[\/et_pb_blurb][\/et_pb_column][et_pb_column type=\u00bb1_2&#8243;][et_pb_blurb _builder_version=\u00bb3.6&#8243; title=\u00bbVISI\u00d3N\u00bb background_layout=\u00bbdark\u00bb]<\/p>\n<p>Ser en el 2022 una de las empresa mejores consolidadas en impresi\u00f3n, ser el mejor proveedor destacarnos por nuestro abastecimiento, entrega a tiempo y calidad a nivel nacional, teniendo como base principal la credibilidad y comentarios positivos de nuestros clientes m\u00e1s antiguos.<\/p>\n<p>[\/et_pb_blurb][\/et_pb_column][\/et_pb_row][\/et_pb_section][et_pb_section bb_built=\u00bb1&#8243; fullwidth=\u00bbon\u00bb specialty=\u00bboff\u00bb _builder_version=\u00bb3.0.85&#8243; background_image=\u00bbhttp:\/\/parrapublicidad.com\/wp-content\/uploads\/2018\/03\/Slider_home_OLA.jpg\u00bb parallax=\u00bbon\u00bb prev_background_color=\u00bb#0c71c3&#8243;][et_pb_fullwidth_slider _builder_version=\u00bb3.6&#8243; box_shadow_blur=\u00bb10px\u00bb box_shadow_color=\u00bbrgba(0,0,0,0.1)\u00bb][et_pb_slide _builder_version=\u00bb3.6&#8243; heading=\u00bb\u00bfQUIERES SER PARTE DE NUESTRO EQUIPO?\u00bb button_text=\u00bbCONTACTATE CON NOSOTROS\u00bb use_background_color_gradient=\u00bboff\u00bb background_color_gradient_start=\u00bb#2b87da\u00bb background_color_gradient_end=\u00bb#29c4a9&#8243; background_color_gradient_type=\u00bblinear\u00bb background_color_gradient_direction=\u00bb180deg\u00bb background_color_gradient_direction_radial=\u00bbcenter\u00bb background_color_gradient_start_position=\u00bb0%\u00bb background_color_gradient_end_position=\u00bb100%\u00bb parallax=\u00bboff\u00bb parallax_method=\u00bbon\u00bb background_size=\u00bbcover\u00bb background_position=\u00bbcenter\u00bb background_repeat=\u00bbno-repeat\u00bb background_blend=\u00bbnormal\u00bb allow_player_pause=\u00bboff\u00bb use_bg_overlay=\u00bboff\u00bb use_text_overlay=\u00bbon\u00bb text_border_radius=\u00bb3&#8243; alignment=\u00bbcenter\u00bb background_layout=\u00bbdark\u00bb text_shadow_style=\u00bbnone\u00bb header_level=\u00bbh1&#8243; header_text_shadow_style=\u00bbnone\u00bb body_text_shadow_style=\u00bbnone\u00bb custom_button=\u00bboff\u00bb button_bg_use_color_gradient=\u00bboff\u00bb button_use_icon=\u00bbon\u00bb button_on_hover=\u00bbon\u00bb button_text_shadow_style=\u00bbnone\u00bb box_shadow_style_button=\u00bbnone\u00bb text_overlay_color=\u00bb#0c71c3&#8243; button_link=\u00bbhttp:\/\/parrapublicidad.com\/index.php\/contactanos\/\u00bb background_color=\u00bb#7EBEC5&#8243; background_color_gradient_overlays_image=\u00bboff\u00bb background_video_pause_outside_viewport=\u00bbon\u00bb child_filter_hue_rotate=\u00bb0deg\u00bb child_filter_saturate=\u00bb100%\u00bb child_filter_brightness=\u00bb100%\u00bb child_filter_contrast=\u00bb100%\u00bb child_filter_invert=\u00bb0%\u00bb child_filter_sepia=\u00bb0%\u00bb child_filter_opacity=\u00bb100%\u00bb child_filter_blur=\u00bb0px\u00bb child_mix_blend_mode=\u00bbnormal\u00bb text_shadow_horizontal_length=\u00bb0em\u00bb text_shadow_vertical_length=\u00bb0em\u00bb text_shadow_blur_strength=\u00bb0em\u00bb header_text_shadow_horizontal_length=\u00bb0em\u00bb header_text_shadow_vertical_length=\u00bb0em\u00bb header_text_shadow_blur_strength=\u00bb0em\u00bb body_text_shadow_horizontal_length=\u00bb0em\u00bb body_text_shadow_vertical_length=\u00bb0em\u00bb body_text_shadow_blur_strength=\u00bb0em\u00bb button_bg_color_gradient_overlays_image=\u00bboff\u00bb button_text_shadow_horizontal_length=\u00bb0em\u00bb button_text_shadow_vertical_length=\u00bb0em\u00bb button_text_shadow_blur_strength=\u00bb0em\u00bb]<\/p>\n<p>Siempre estamos buscando nuevos colaboradores para nuestra organizaci\u00f3n, si quieres ser parte de nuestro equipo de trabajo en cualquiera de nuestras \u00e1reas, env\u00edanos tu CV actualizado y pronto nos comunicaremos contigo.<\/p>\n<p>[\/et_pb_slide][\/et_pb_fullwidth_slider][\/et_pb_section]<\/p>\n","protected":false},"excerpt":{"rendered":"<p>[et_pb_section bb_built=\u00bb1&#8243; fullwidth=\u00bbon\u00bb specialty=\u00bboff\u00bb next_background_color=\u00bb#000000&#8243;][et_pb_fullwidth_slider _builder_version=\u00bb3.0.85&#8243; show_arrows=\u00bbon\u00bb show_pagination=\u00bbon\u00bb show_inner_shadow=\u00bbon\u00bb custom_button=\u00bboff\u00bb button_icon_placement=\u00bbright\u00bb show_content_on_mobile=\u00bbon\u00bb show_cta_on_mobile=\u00bbon\u00bb show_image_video_mobile=\u00bboff\u00bb box_shadow_horizontal=\u00bb0px\u00bb box_shadow_vertical=\u00bb0px\u00bb box_shadow_blur=\u00bb10px\u00bb box_shadow_spread=\u00bb0px\u00bb box_shadow_position=\u00bbinner\u00bb box_shadow_color=\u00bbrgba(0,0,0,0.1)\u00bb box_shadow_style=\u00bbpreset6&#8243;][et_pb_slide _builder_version=\u00bb3.0.85&#8243; heading=\u00bbGRANDES IDEAS, en la PUBLICIDAD\u00bb use_background_color_gradient=\u00bboff\u00bb background_color_gradient_start=\u00bb#2b87da\u00bb background_color_gradient_end=\u00bb#29c4a9&#8243; background_color_gradient_type=\u00bblinear\u00bb background_color_gradient_direction=\u00bb180deg\u00bb background_color_gradient_direction_radial=\u00bbcenter\u00bb background_color_gradient_start_position=\u00bb0%\u00bb background_color_gradient_end_position=\u00bb100%\u00bb background_image=\u00bbhttp:\/\/parrapublicidad.com\/wp-content\/uploads\/2017\/10\/business-08.jpg\u00bb parallax=\u00bbon\u00bb parallax_method=\u00bbon\u00bb background_size=\u00bbcover\u00bb background_position=\u00bbcenter\u00bb background_repeat=\u00bbno-repeat\u00bb background_blend=\u00bbnormal\u00bb allow_player_pause=\u00bboff\u00bb use_bg_overlay=\u00bboff\u00bb use_text_overlay=\u00bbon\u00bb text_border_radius=\u00bb3&#8243; alignment=\u00bbcenter\u00bb background_layout=\u00bbdark\u00bb text_shadow_style=\u00bbnone\u00bb text_shadow_color=\u00bbrgba(0,0,0,0.4)\u00bb header_level=\u00bbh1&#8243; header_font=\u00bb||||||||\u00bb header_text_shadow_style=\u00bbnone\u00bb header_text_shadow_color=\u00bbrgba(0,0,0,0.4)\u00bb body_font=\u00bb||||||||\u00bb [&hellip;]<\/p>\n","protected":false},"author":2,"featured_media":0,"parent":0,"menu_order":0,"comment_status":"closed","ping_status":"closed","template":"","meta":{"_et_pb_use_builder":"on","_et_pb_old_content":"","_et_gb_content_width":""},"_links":{"self":[{"href":"https:\/\/parrapublicidad.com\/index.php\/wp-json\/wp\/v2\/pages\/46536"}],"collection":[{"href":"https:\/\/parrapublicidad.com\/index.php\/wp-json\/wp\/v2\/pages"}],"about":[{"href":"https:\/\/parrapublicidad.com\/index.php\/wp-json\/wp\/v2\/types\/page"}],"author":[{"embeddable":true,"href":"https:\/\/parrapublicidad.com\/index.php\/wp-json\/wp\/v2\/users\/2"}],"replies":[{"embeddable":true,"href":"https:\/\/parrapublicidad.com\/index.php\/wp-json\/wp\/v2\/comments?post=46536"}],"version-history":[{"count":13,"href":"https:\/\/parrapublicidad.com\/index.php\/wp-json\/wp\/v2\/pages\/46536\/revisions"}],"predecessor-version":[{"id":47068,"href":"https:\/\/parrapublicidad.com\/index.php\/wp-json\/wp\/v2\/pages\/46536\/revisions\/47068"}],"wp:attachment":[{"href":"https:\/\/parrapublicidad.com\/index.php\/wp-json\/wp\/v2\/media?parent=46536"}],"curies":[{"name":"wp","href":"https:\/\/api.w.org\/{rel}","templated":true}]}}